{"id":3649,"date":"2023-12-13T11:05:41","date_gmt":"2023-12-13T10:05:41","guid":{"rendered":"https:\/\/frederiquerobidet.com\/?page_id=3649"},"modified":"2026-01-10T18:44:43","modified_gmt":"2026-01-10T17:44:43","slug":"projets","status":"publish","type":"page","link":"https:\/\/frederiquerobidet.com\/index.php\/projets\/","title":{"rendered":"Projets"},"content":{"rendered":"\t\t<div data-elementor-type=\"wp-page\" data-elementor-id=\"3649\" class=\"elementor elementor-3649\">\n\t\t\t\t\t\t<section class=\"elementor-section elementor-top-section elementor-element elementor-element-5235af4 elementor-section-height-min-height elementor-section-items-top elementor-section-content-top elementor-section-boxed elementor-section-height-default wpr-parallax-no wpr-sticky-section-no\" data-id=\"5235af4\" data-element_type=\"section\" data-settings=\"{&quot;background_background&quot;:&quot;classic&quot;}\">\n\t\t\t\t\t\t<div class=\"elementor-container elementor-column-gap-default\">\n\t\t\t\t\t<div class=\"elementor-column elementor-col-100 elementor-top-column elementor-element elementor-element-e129b79\" data-id=\"e129b79\" data-element_type=\"column\">\n\t\t\t<div class=\"elementor-widget-wrap elementor-element-populated\">\n\t\t\t\t\t\t<div class=\"elementor-element elementor-element-2b47c99 elementor-widget elementor-widget-heading\" data-id=\"2b47c99\" data-element_type=\"widget\" data-widget_type=\"heading.default\">\n\t\t\t\t<div class=\"elementor-widget-container\">\n\t\t\t\t\t<h1 class=\"elementor-heading-title elementor-size-default\">Projets<\/h1>\t\t\t\t<\/div>\n\t\t\t\t<\/div>\n\t\t\t\t<div class=\"elementor-element elementor-element-31cde4b elementor-widget__width-initial elementor-widget elementor-widget-text-editor\" data-id=\"31cde4b\" data-element_type=\"widget\" data-widget_type=\"text-editor.default\">\n\t\t\t\t<div class=\"elementor-widget-container\">\n\t\t\t\t\t\t\t\t\t<p>Chaque projet d\u2019architecture d\u2019int\u00e9rieur est unique. Il est con\u00e7u sur mesure pour r\u00e9pondre aux go\u00fbts, aux besoins et au mode de vie de mes clients. Qu\u2019il s\u2019agisse d\u2019une r\u00e9novation totale ou partielle, chaque r\u00e9alisation refl\u00e8te une approche personnalis\u00e9e, m\u00ealant fonctionnalit\u00e9, esth\u00e9tique et coh\u00e9rence des espaces.<\/p>\t\t\t\t\t\t\t\t<\/div>\n\t\t\t\t<\/div>\n\t\t\t\t\t<\/div>\n\t\t<\/div>\n\t\t\t\t\t<\/div>\n\t\t<\/section>\n\t\t<div class=\"elementor-element elementor-element-a074837 e-flex e-con-boxed wpr-particle-no wpr-jarallax-no wpr-parallax-no wpr-sticky-section-no e-con e-parent\" data-id=\"a074837\" data-element_type=\"container\">\n\t\t\t\t\t<div class=\"e-con-inner\">\n\t\t<a class=\"elementor-element elementor-element-bd78cf1 e-con-full e-flex wpr-particle-no wpr-jarallax-no wpr-parallax-no wpr-sticky-section-no e-con e-child\" data-id=\"bd78cf1\" data-element_type=\"container\" data-settings=\"{&quot;background_background&quot;:&quot;classic&quot;}\" href=\"https:\/\/frederiquerobidet.com\/index.php\/campus\/\">\n\t\t\t\t<div class=\"elementor-element elementor-element-cae2008 elementor-widget__width-initial elementor-widget elementor-widget-text-editor\" data-id=\"cae2008\" data-element_type=\"widget\" data-widget_type=\"text-editor.default\">\n\t\t\t\t<div class=\"elementor-widget-container\">\n\t\t\t\t\t\t\t\t\t<p>CAMPUS<\/p>\t\t\t\t\t\t\t\t<\/div>\n\t\t\t\t<\/div>\n\t\t\t\t<div class=\"elementor-element elementor-element-8444cf6 elementor-widget elementor-widget-text-editor\" data-id=\"8444cf6\" data-element_type=\"widget\" data-widget_type=\"text-editor.default\">\n\t\t\t\t<div class=\"elementor-widget-container\">\n\t\t\t\t\t\t\t\t\t<p style=\"text-align: center;\">Conception d&rsquo;un appartement de 32 m2<\/p>\t\t\t\t\t\t\t\t<\/div>\n\t\t\t\t<\/div>\n\t\t\t\t<\/a>\n\t\t<a class=\"elementor-element elementor-element-20e4484 e-con-full e-flex wpr-particle-no wpr-jarallax-no wpr-parallax-no wpr-sticky-section-no e-con e-child\" data-id=\"20e4484\" data-element_type=\"container\" data-settings=\"{&quot;background_background&quot;:&quot;classic&quot;}\" href=\"https:\/\/frederiquerobidet.com\/index.php\/studio-plessis\/\">\n\t\t\t\t<div class=\"elementor-element elementor-element-c327c3c elementor-widget__width-initial elementor-widget elementor-widget-text-editor\" data-id=\"c327c3c\" data-element_type=\"widget\" data-widget_type=\"text-editor.default\">\n\t\t\t\t<div class=\"elementor-widget-container\">\n\t\t\t\t\t\t\t\t\t<p>STUDIO PLESSIS<\/p>\t\t\t\t\t\t\t\t<\/div>\n\t\t\t\t<\/div>\n\t\t\t\t<div class=\"elementor-element elementor-element-03546be elementor-widget elementor-widget-text-editor\" data-id=\"03546be\" data-element_type=\"widget\" data-widget_type=\"text-editor.default\">\n\t\t\t\t<div class=\"elementor-widget-container\">\n\t\t\t\t\t\t\t\t\t<p style=\"text-align: center;\">Conception d&rsquo;un studio de 31 m2<\/p>\t\t\t\t\t\t\t\t<\/div>\n\t\t\t\t<\/div>\n\t\t\t\t<\/a>\n\t\t\t\t\t<\/div>\n\t\t\t\t<\/div>\n\t\t<div class=\"elementor-element elementor-element-04d112d e-flex e-con-boxed wpr-particle-no wpr-jarallax-no wpr-parallax-no wpr-sticky-section-no e-con e-parent\" data-id=\"04d112d\" data-element_type=\"container\">\n\t\t\t\t\t<div class=\"e-con-inner\">\n\t\t<a class=\"elementor-element elementor-element-94d6a5c e-con-full e-flex wpr-particle-no wpr-jarallax-no wpr-parallax-no wpr-sticky-section-no e-con e-child\" data-id=\"94d6a5c\" data-element_type=\"container\" data-settings=\"{&quot;background_background&quot;:&quot;classic&quot;}\" href=\"https:\/\/frederiquerobidet.com\/index.php\/la-colline\/\">\n\t\t\t\t<div class=\"elementor-element elementor-element-facc89d elementor-widget__width-initial elementor-widget elementor-widget-text-editor\" data-id=\"facc89d\" data-element_type=\"widget\" data-widget_type=\"text-editor.default\">\n\t\t\t\t<div class=\"elementor-widget-container\">\n\t\t\t\t\t\t\t\t\t<p>LA COLLINE<\/p>\t\t\t\t\t\t\t\t<\/div>\n\t\t\t\t<\/div>\n\t\t\t\t<div class=\"elementor-element elementor-element-4fda254 elementor-widget elementor-widget-text-editor\" data-id=\"4fda254\" data-element_type=\"widget\" data-widget_type=\"text-editor.default\">\n\t\t\t\t<div class=\"elementor-widget-container\">\n\t\t\t\t\t\t\t\t\t<p style=\"text-align: center;\">Conception d&rsquo;une maison de 165 m2<\/p>\t\t\t\t\t\t\t\t<\/div>\n\t\t\t\t<\/div>\n\t\t\t\t<\/a>\n\t\t<a class=\"elementor-element elementor-element-fed237c e-con-full e-flex wpr-particle-no wpr-jarallax-no wpr-parallax-no wpr-sticky-section-no e-con e-child\" data-id=\"fed237c\" data-element_type=\"container\" data-settings=\"{&quot;background_background&quot;:&quot;classic&quot;}\" href=\"https:\/\/frederiquerobidet.com\/index.php\/le-mas-plus-haut\/\">\n\t\t\t\t<div class=\"elementor-element elementor-element-c4f7c36 elementor-widget__width-initial elementor-widget elementor-widget-text-editor\" data-id=\"c4f7c36\" data-element_type=\"widget\" data-widget_type=\"text-editor.default\">\n\t\t\t\t<div class=\"elementor-widget-container\">\n\t\t\t\t\t\t\t\t\t<p>LE MAS PLUS HAUT<\/p>\t\t\t\t\t\t\t\t<\/div>\n\t\t\t\t<\/div>\n\t\t\t\t<div class=\"elementor-element elementor-element-4cfacc4 elementor-widget elementor-widget-text-editor\" data-id=\"4cfacc4\" data-element_type=\"widget\" data-widget_type=\"text-editor.default\">\n\t\t\t\t<div class=\"elementor-widget-container\">\n\t\t\t\t\t\t\t\t\t<p style=\"text-align: center;\">R\u00e9novation totale d&rsquo;une maison de 144 m2<\/p>\t\t\t\t\t\t\t\t<\/div>\n\t\t\t\t<\/div>\n\t\t\t\t<\/a>\n\t\t\t\t\t<\/div>\n\t\t\t\t<\/div>\n\t\t<div class=\"elementor-element elementor-element-6336fe3 e-flex e-con-boxed wpr-particle-no wpr-jarallax-no wpr-parallax-no wpr-sticky-section-no e-con e-parent\" data-id=\"6336fe3\" data-element_type=\"container\">\n\t\t\t\t\t<div class=\"e-con-inner\">\n\t\t<a class=\"elementor-element elementor-element-904cf0a e-con-full e-flex wpr-particle-no wpr-jarallax-no wpr-parallax-no wpr-sticky-section-no e-con e-child\" data-id=\"904cf0a\" data-element_type=\"container\" data-settings=\"{&quot;background_background&quot;:&quot;slideshow&quot;,&quot;background_slideshow_gallery&quot;:[{&quot;id&quot;:3990,&quot;url&quot;:&quot;http:\\\/\\\/frederiquerobidet.com\\\/wp-content\\\/uploads\\\/2024\\\/01\\\/SDB-lavabo-de-la-douche-03-v2-copie.webp&quot;}],&quot;background_slideshow_loop&quot;:&quot;yes&quot;,&quot;background_slideshow_slide_duration&quot;:5000,&quot;background_slideshow_slide_transition&quot;:&quot;fade&quot;,&quot;background_slideshow_transition_duration&quot;:500}\" href=\"https:\/\/frederiquerobidet.com\/index.php\/le-rocher\/\">\n\t\t\t\t<div class=\"elementor-element elementor-element-abb3e75 elementor-widget__width-initial elementor-widget elementor-widget-text-editor\" data-id=\"abb3e75\" data-element_type=\"widget\" data-widget_type=\"text-editor.default\">\n\t\t\t\t<div class=\"elementor-widget-container\">\n\t\t\t\t\t\t\t\t\t<p>LE ROCHER<\/p>\t\t\t\t\t\t\t\t<\/div>\n\t\t\t\t<\/div>\n\t\t\t\t<div class=\"elementor-element elementor-element-e458a87 elementor-widget elementor-widget-text-editor\" data-id=\"e458a87\" data-element_type=\"widget\" data-widget_type=\"text-editor.default\">\n\t\t\t\t<div class=\"elementor-widget-container\">\n\t\t\t\t\t\t\t\t\t<p style=\"text-align: center;\">Conception d&rsquo;une salle de bain de 6 m2<\/p>\t\t\t\t\t\t\t\t<\/div>\n\t\t\t\t<\/div>\n\t\t\t\t<\/a>\n\t\t<a class=\"elementor-element elementor-element-caf725c e-con-full e-flex wpr-particle-no wpr-jarallax-no wpr-parallax-no wpr-sticky-section-no e-con e-child\" data-id=\"caf725c\" data-element_type=\"container\" data-settings=\"{&quot;background_background&quot;:&quot;classic&quot;}\" href=\"https:\/\/frederiquerobidet.com\/index.php\/cote-dazur\/\">\n\t\t\t\t<div class=\"elementor-element elementor-element-bde0d3a elementor-widget__width-initial elementor-widget elementor-widget-text-editor\" data-id=\"bde0d3a\" data-element_type=\"widget\" data-widget_type=\"text-editor.default\">\n\t\t\t\t<div class=\"elementor-widget-container\">\n\t\t\t\t\t\t\t\t\t<p>PROVENCE<\/p>\t\t\t\t\t\t\t\t<\/div>\n\t\t\t\t<\/div>\n\t\t\t\t<div class=\"elementor-element elementor-element-ebbaf62 elementor-widget elementor-widget-text-editor\" data-id=\"ebbaf62\" data-element_type=\"widget\" data-widget_type=\"text-editor.default\">\n\t\t\t\t<div class=\"elementor-widget-container\">\n\t\t\t\t\t\t\t\t\t<p style=\"text-align: center;\">Conception d&rsquo;un appartement de 80 m2<\/p>\t\t\t\t\t\t\t\t<\/div>\n\t\t\t\t<\/div>\n\t\t\t\t<\/a>\n\t\t\t\t\t<\/div>\n\t\t\t\t<\/div>\n\t\t<div class=\"elementor-element elementor-element-7368aeb e-flex e-con-boxed wpr-particle-no wpr-jarallax-no wpr-parallax-no wpr-sticky-section-no e-con e-parent\" data-id=\"7368aeb\" data-element_type=\"container\">\n\t\t\t\t\t<div class=\"e-con-inner\">\n\t\t<a class=\"elementor-element elementor-element-a21ea22 e-con-full e-flex wpr-particle-no wpr-jarallax-no wpr-parallax-no wpr-sticky-section-no e-con e-child\" data-id=\"a21ea22\" data-element_type=\"container\" data-settings=\"{&quot;background_background&quot;:&quot;classic&quot;}\" href=\"https:\/\/frederiquerobidet.com\/index.php\/pierrefitte\/\">\n\t\t\t\t<div class=\"elementor-element elementor-element-e9f51f9 elementor-widget__width-initial elementor-widget elementor-widget-text-editor\" data-id=\"e9f51f9\" data-element_type=\"widget\" data-widget_type=\"text-editor.default\">\n\t\t\t\t<div class=\"elementor-widget-container\">\n\t\t\t\t\t\t\t\t\t<p>PIERREFITTE<\/p>\t\t\t\t\t\t\t\t<\/div>\n\t\t\t\t<\/div>\n\t\t\t\t<div class=\"elementor-element elementor-element-2e409f9 elementor-widget elementor-widget-text-editor\" data-id=\"2e409f9\" data-element_type=\"widget\" data-widget_type=\"text-editor.default\">\n\t\t\t\t<div class=\"elementor-widget-container\">\n\t\t\t\t\t\t\t\t\t<p style=\"text-align: center;\">Conception d&rsquo;un studio de 26 m2<\/p>\t\t\t\t\t\t\t\t<\/div>\n\t\t\t\t<\/div>\n\t\t\t\t<\/a>\n\t\t<a class=\"elementor-element elementor-element-de35f84 e-con-full e-flex wpr-particle-no wpr-jarallax-no wpr-parallax-no wpr-sticky-section-no e-con e-child\" data-id=\"de35f84\" data-element_type=\"container\" data-settings=\"{&quot;background_background&quot;:&quot;slideshow&quot;,&quot;background_slideshow_gallery&quot;:[{&quot;id&quot;:3696,&quot;url&quot;:&quot;http:\\\/\\\/frederiquerobidet.com\\\/wp-content\\\/uploads\\\/2023\\\/12\\\/Saint-Ferdi_salon-copie.webp&quot;}],&quot;background_slideshow_loop&quot;:&quot;yes&quot;,&quot;background_slideshow_slide_duration&quot;:5000,&quot;background_slideshow_slide_transition&quot;:&quot;fade&quot;,&quot;background_slideshow_transition_duration&quot;:500}\" href=\"https:\/\/frederiquerobidet.com\/index.php\/collaborations\/\">\n\t\t\t\t<div class=\"elementor-element elementor-element-71be84c elementor-widget__width-initial elementor-widget elementor-widget-text-editor\" data-id=\"71be84c\" data-element_type=\"widget\" data-widget_type=\"text-editor.default\">\n\t\t\t\t<div class=\"elementor-widget-container\">\n\t\t\t\t\t\t\t\t\t<p>COLLABORATIONS<\/p>\t\t\t\t\t\t\t\t<\/div>\n\t\t\t\t<\/div>\n\t\t\t\t<div class=\"elementor-element elementor-element-388886a elementor-widget elementor-widget-text-editor\" data-id=\"388886a\" data-element_type=\"widget\" data-widget_type=\"text-editor.default\">\n\t\t\t\t<div class=\"elementor-widget-container\">\n\t\t\t\t\t\t\t\t\t<p style=\"text-align: center;\">Projets r\u00e9alis\u00e9s en \u00e9quipe<\/p>\t\t\t\t\t\t\t\t<\/div>\n\t\t\t\t<\/div>\n\t\t\t\t<\/a>\n\t\t\t\t\t<\/div>\n\t\t\t\t<\/div>\n\t\t\t\t<\/div>\n\t\t","protected":false},"excerpt":{"rendered":"<p>Projets Chaque projet d\u2019architecture d\u2019int\u00e9rieur est unique. Il est con\u00e7u sur mesure pour r\u00e9pondre aux go\u00fbts, aux besoins et au mode de vie de mes clients. Qu\u2019il s\u2019agisse d\u2019une r\u00e9novation totale ou partielle, chaque r\u00e9alisation refl\u00e8te une approche personnalis\u00e9e, m\u00ealant fonctionnalit\u00e9, esth\u00e9tique et coh\u00e9rence des espaces. CAMPUS Conception d&rsquo;un appartement de 32 m2 STUDIO PLESSIS Conception d&rsquo;un studio de 31 m2 LA COLLINE Conception d&rsquo;une maison de 165 m2 LE MAS PLUS HAUT R\u00e9novation totale d&rsquo;une maison de 144 m2 LE ROCHER Conception d&rsquo;une salle de bain de 6 m2 PROVENCE Conception d&rsquo;un appartement de 80 m2 PIERREFITTE Conception d&rsquo;un studio de 26 m2 COLLABORATIONS Projets r\u00e9alis\u00e9s en \u00e9quipe<\/p>\n","protected":false},"author":1,"featured_media":0,"parent":0,"menu_order":0,"comment_status":"closed","ping_status":"closed","template":"","meta":{"ocean_post_layout":"","ocean_both_sidebars_style":"","ocean_both_sidebars_content_width":0,"ocean_both_sidebars_sidebars_width":0,"ocean_sidebar":"0","ocean_second_sidebar":"0","ocean_disable_margins":"enable","ocean_add_body_class":"","ocean_shortcode_before_top_bar":"","ocean_shortcode_after_top_bar":"","ocean_shortcode_before_header":"","ocean_shortcode_after_header":"","ocean_has_shortcode":"","ocean_shortcode_after_title":"","ocean_shortcode_before_footer_widgets":"","ocean_shortcode_after_footer_widgets":"","ocean_shortcode_before_footer_bottom":"","ocean_shortcode_after_footer_bottom":"","ocean_display_top_bar":"default","ocean_display_header":"default","ocean_header_style":"","ocean_center_header_left_menu":"0","ocean_custom_header_template":"0","ocean_custom_logo":0,"ocean_custom_retina_logo":0,"ocean_custom_logo_max_width":0,"ocean_custom_logo_tablet_max_width":0,"ocean_custom_logo_mobile_max_width":0,"ocean_custom_logo_max_height":0,"ocean_custom_logo_tablet_max_height":0,"ocean_custom_logo_mobile_max_height":0,"ocean_header_custom_menu":"0","ocean_menu_typo_font_family":"0","ocean_menu_typo_font_subset":"","ocean_menu_typo_font_size":0,"ocean_menu_typo_font_size_tablet":0,"ocean_menu_typo_font_size_mobile":0,"ocean_menu_typo_font_size_unit":"px","ocean_menu_typo_font_weight":"","ocean_menu_typo_font_weight_tablet":"","ocean_menu_typo_font_weight_mobile":"","ocean_menu_typo_transform":"","ocean_menu_typo_transform_tablet":"","ocean_menu_typo_transform_mobile":"","ocean_menu_typo_line_height":0,"ocean_menu_typo_line_height_tablet":0,"ocean_menu_typo_line_height_mobile":0,"ocean_menu_typo_line_height_unit":"","ocean_menu_typo_spacing":0,"ocean_menu_typo_spacing_tablet":0,"ocean_menu_typo_spacing_mobile":0,"ocean_menu_typo_spacing_unit":"","ocean_menu_link_color":"","ocean_menu_link_color_hover":"","ocean_menu_link_color_active":"","ocean_menu_link_background":"","ocean_menu_link_hover_background":"","ocean_menu_link_active_background":"","ocean_menu_social_links_bg":"","ocean_menu_social_hover_links_bg":"","ocean_menu_social_links_color":"","ocean_menu_social_hover_links_color":"","ocean_disable_title":"on","ocean_disable_heading":"default","ocean_post_title":"","ocean_post_subheading":"","ocean_post_title_style":"","ocean_post_title_background_color":"","ocean_post_title_background":0,"ocean_post_title_bg_image_position":"","ocean_post_title_bg_image_attachment":"","ocean_post_title_bg_image_repeat":"","ocean_post_title_bg_image_size":"","ocean_post_title_height":0,"ocean_post_title_bg_overlay":0.5,"ocean_post_title_bg_overlay_color":"","ocean_disable_breadcrumbs":"default","ocean_breadcrumbs_color":"","ocean_breadcrumbs_separator_color":"","ocean_breadcrumbs_links_color":"","ocean_breadcrumbs_links_hover_color":"","ocean_display_footer_widgets":"default","ocean_display_footer_bottom":"default","ocean_custom_footer_template":"0","two_page_speed":[],"footnotes":""},"class_list":["post-3649","page","type-page","status-publish","hentry","entry"],"yoast_head":"<!-- This site is optimized with the Yoast SEO plugin v26.7 - https:\/\/yoast.com\/wordpress\/plugins\/seo\/ -->\n<title>Projets - frederiquerobidet.com<\/title>\n<meta name=\"robots\" content=\"index, follow, max-snippet:-1, max-image-preview:large, max-video-preview:-1\" \/>\n<link rel=\"canonical\" href=\"https:\/\/frederiquerobidet.com\/index.php\/projets\/\" \/>\n<meta property=\"og:locale\" content=\"fr_CA\" \/>\n<meta property=\"og:type\" content=\"article\" \/>\n<meta property=\"og:title\" content=\"Projets - frederiquerobidet.com\" \/>\n<meta property=\"og:description\" content=\"Projets Chaque projet d\u2019architecture d\u2019int\u00e9rieur est unique. Il est con\u00e7u sur mesure pour r\u00e9pondre aux go\u00fbts, aux besoins et au mode de vie de mes clients. Qu\u2019il s\u2019agisse d\u2019une r\u00e9novation totale ou partielle, chaque r\u00e9alisation refl\u00e8te une approche personnalis\u00e9e, m\u00ealant fonctionnalit\u00e9, esth\u00e9tique et coh\u00e9rence des espaces. CAMPUS Conception d&rsquo;un appartement de 32 m2 STUDIO PLESSIS Conception d&rsquo;un studio de 31 m2 LA COLLINE Conception d&rsquo;une maison de 165 m2 LE MAS PLUS HAUT R\u00e9novation totale d&rsquo;une maison de 144 m2 LE ROCHER Conception d&rsquo;une salle de bain de 6 m2 PROVENCE Conception d&rsquo;un appartement de 80 m2 PIERREFITTE Conception d&rsquo;un studio de 26 m2 COLLABORATIONS Projets r\u00e9alis\u00e9s en \u00e9quipe\" \/>\n<meta property=\"og:url\" content=\"https:\/\/frederiquerobidet.com\/index.php\/projets\/\" \/>\n<meta property=\"og:site_name\" content=\"frederiquerobidet.com\" \/>\n<meta property=\"article:modified_time\" content=\"2026-01-10T17:44:43+00:00\" \/>\n<meta name=\"twitter:card\" content=\"summary_large_image\" \/>\n<meta name=\"twitter:label1\" content=\"Estimation du temps de lecture\" \/>\n\t<meta name=\"twitter:data1\" content=\"1 minute\" \/>\n<script type=\"application\/ld+json\" class=\"yoast-schema-graph\">{\"@context\":\"https:\/\/schema.org\",\"@graph\":[{\"@type\":\"WebPage\",\"@id\":\"https:\/\/frederiquerobidet.com\/index.php\/projets\/\",\"url\":\"https:\/\/frederiquerobidet.com\/index.php\/projets\/\",\"name\":\"Projets - frederiquerobidet.com\",\"isPartOf\":{\"@id\":\"https:\/\/frederiquerobidet.com\/#website\"},\"datePublished\":\"2023-12-13T10:05:41+00:00\",\"dateModified\":\"2026-01-10T17:44:43+00:00\",\"breadcrumb\":{\"@id\":\"https:\/\/frederiquerobidet.com\/index.php\/projets\/#breadcrumb\"},\"inLanguage\":\"fr-CA\",\"potentialAction\":[{\"@type\":\"ReadAction\",\"target\":[\"https:\/\/frederiquerobidet.com\/index.php\/projets\/\"]}]},{\"@type\":\"BreadcrumbList\",\"@id\":\"https:\/\/frederiquerobidet.com\/index.php\/projets\/#breadcrumb\",\"itemListElement\":[{\"@type\":\"ListItem\",\"position\":1,\"name\":\"Accueil\",\"item\":\"https:\/\/frederiquerobidet.com\/\"},{\"@type\":\"ListItem\",\"position\":2,\"name\":\"Projets\"}]},{\"@type\":\"WebSite\",\"@id\":\"https:\/\/frederiquerobidet.com\/#website\",\"url\":\"https:\/\/frederiquerobidet.com\/\",\"name\":\"frederiquerobidet.com\",\"description\":\"\",\"publisher\":{\"@id\":\"https:\/\/frederiquerobidet.com\/#organization\"},\"potentialAction\":[{\"@type\":\"SearchAction\",\"target\":{\"@type\":\"EntryPoint\",\"urlTemplate\":\"https:\/\/frederiquerobidet.com\/?s={search_term_string}\"},\"query-input\":{\"@type\":\"PropertyValueSpecification\",\"valueRequired\":true,\"valueName\":\"search_term_string\"}}],\"inLanguage\":\"fr-CA\"},{\"@type\":\"Organization\",\"@id\":\"https:\/\/frederiquerobidet.com\/#organization\",\"name\":\"Fr\u00e9d\u00e9rique Robidet Architecture d'Int\u00e9rieur\",\"url\":\"https:\/\/frederiquerobidet.com\/\",\"logo\":{\"@type\":\"ImageObject\",\"inLanguage\":\"fr-CA\",\"@id\":\"https:\/\/frederiquerobidet.com\/#\/schema\/logo\/image\/\",\"url\":\"https:\/\/frederiquerobidet.com\/wp-content\/uploads\/2023\/06\/Logo_FR_fond-noir-14-1.png\",\"contentUrl\":\"https:\/\/frederiquerobidet.com\/wp-content\/uploads\/2023\/06\/Logo_FR_fond-noir-14-1.png\",\"width\":556,\"height\":119,\"caption\":\"Fr\u00e9d\u00e9rique Robidet Architecture d'Int\u00e9rieur\"},\"image\":{\"@id\":\"https:\/\/frederiquerobidet.com\/#\/schema\/logo\/image\/\"}}]}<\/script>\n<!-- \/ Yoast SEO plugin. -->","yoast_head_json":{"title":"Projets - frederiquerobidet.com","robots":{"index":"index","follow":"follow","max-snippet":"max-snippet:-1","max-image-preview":"max-image-preview:large","max-video-preview":"max-video-preview:-1"},"canonical":"https:\/\/frederiquerobidet.com\/index.php\/projets\/","og_locale":"fr_CA","og_type":"article","og_title":"Projets - frederiquerobidet.com","og_description":"Projets Chaque projet d\u2019architecture d\u2019int\u00e9rieur est unique. Il est con\u00e7u sur mesure pour r\u00e9pondre aux go\u00fbts, aux besoins et au mode de vie de mes clients. Qu\u2019il s\u2019agisse d\u2019une r\u00e9novation totale ou partielle, chaque r\u00e9alisation refl\u00e8te une approche personnalis\u00e9e, m\u00ealant fonctionnalit\u00e9, esth\u00e9tique et coh\u00e9rence des espaces. CAMPUS Conception d&rsquo;un appartement de 32 m2 STUDIO PLESSIS Conception d&rsquo;un studio de 31 m2 LA COLLINE Conception d&rsquo;une maison de 165 m2 LE MAS PLUS HAUT R\u00e9novation totale d&rsquo;une maison de 144 m2 LE ROCHER Conception d&rsquo;une salle de bain de 6 m2 PROVENCE Conception d&rsquo;un appartement de 80 m2 PIERREFITTE Conception d&rsquo;un studio de 26 m2 COLLABORATIONS Projets r\u00e9alis\u00e9s en \u00e9quipe","og_url":"https:\/\/frederiquerobidet.com\/index.php\/projets\/","og_site_name":"frederiquerobidet.com","article_modified_time":"2026-01-10T17:44:43+00:00","twitter_card":"summary_large_image","twitter_misc":{"Estimation du temps de lecture":"1 minute"},"schema":{"@context":"https:\/\/schema.org","@graph":[{"@type":"WebPage","@id":"https:\/\/frederiquerobidet.com\/index.php\/projets\/","url":"https:\/\/frederiquerobidet.com\/index.php\/projets\/","name":"Projets - frederiquerobidet.com","isPartOf":{"@id":"https:\/\/frederiquerobidet.com\/#website"},"datePublished":"2023-12-13T10:05:41+00:00","dateModified":"2026-01-10T17:44:43+00:00","breadcrumb":{"@id":"https:\/\/frederiquerobidet.com\/index.php\/projets\/#breadcrumb"},"inLanguage":"fr-CA","potentialAction":[{"@type":"ReadAction","target":["https:\/\/frederiquerobidet.com\/index.php\/projets\/"]}]},{"@type":"BreadcrumbList","@id":"https:\/\/frederiquerobidet.com\/index.php\/projets\/#breadcrumb","itemListElement":[{"@type":"ListItem","position":1,"name":"Accueil","item":"https:\/\/frederiquerobidet.com\/"},{"@type":"ListItem","position":2,"name":"Projets"}]},{"@type":"WebSite","@id":"https:\/\/frederiquerobidet.com\/#website","url":"https:\/\/frederiquerobidet.com\/","name":"frederiquerobidet.com","description":"","publisher":{"@id":"https:\/\/frederiquerobidet.com\/#organization"},"potentialAction":[{"@type":"SearchAction","target":{"@type":"EntryPoint","urlTemplate":"https:\/\/frederiquerobidet.com\/?s={search_term_string}"},"query-input":{"@type":"PropertyValueSpecification","valueRequired":true,"valueName":"search_term_string"}}],"inLanguage":"fr-CA"},{"@type":"Organization","@id":"https:\/\/frederiquerobidet.com\/#organization","name":"Fr\u00e9d\u00e9rique Robidet Architecture d'Int\u00e9rieur","url":"https:\/\/frederiquerobidet.com\/","logo":{"@type":"ImageObject","inLanguage":"fr-CA","@id":"https:\/\/frederiquerobidet.com\/#\/schema\/logo\/image\/","url":"https:\/\/frederiquerobidet.com\/wp-content\/uploads\/2023\/06\/Logo_FR_fond-noir-14-1.png","contentUrl":"https:\/\/frederiquerobidet.com\/wp-content\/uploads\/2023\/06\/Logo_FR_fond-noir-14-1.png","width":556,"height":119,"caption":"Fr\u00e9d\u00e9rique Robidet Architecture d'Int\u00e9rieur"},"image":{"@id":"https:\/\/frederiquerobidet.com\/#\/schema\/logo\/image\/"}}]}},"_links":{"self":[{"href":"https:\/\/frederiquerobidet.com\/index.php\/wp-json\/wp\/v2\/pages\/3649","targetHints":{"allow":["GET"]}}],"collection":[{"href":"https:\/\/frederiquerobidet.com\/index.php\/wp-json\/wp\/v2\/pages"}],"about":[{"href":"https:\/\/frederiquerobidet.com\/index.php\/wp-json\/wp\/v2\/types\/page"}],"author":[{"embeddable":true,"href":"https:\/\/frederiquerobidet.com\/index.php\/wp-json\/wp\/v2\/users\/1"}],"replies":[{"embeddable":true,"href":"https:\/\/frederiquerobidet.com\/index.php\/wp-json\/wp\/v2\/comments?post=3649"}],"version-history":[{"count":320,"href":"https:\/\/frederiquerobidet.com\/index.php\/wp-json\/wp\/v2\/pages\/3649\/revisions"}],"predecessor-version":[{"id":8016,"href":"https:\/\/frederiquerobidet.com\/index.php\/wp-json\/wp\/v2\/pages\/3649\/revisions\/8016"}],"wp:attachment":[{"href":"https:\/\/frederiquerobidet.com\/index.php\/wp-json\/wp\/v2\/media?parent=3649"}],"curies":[{"name":"wp","href":"https:\/\/api.w.org\/{rel}","templated":true}]}}