{"id":4107,"date":"2024-01-04T16:15:50","date_gmt":"2024-01-04T15:15:50","guid":{"rendered":"https:\/\/frederiquerobidet.com\/?page_id=4107"},"modified":"2026-01-10T18:42:35","modified_gmt":"2026-01-10T17:42:35","slug":"avant-apres","status":"publish","type":"page","link":"https:\/\/frederiquerobidet.com\/index.php\/avant-apres\/","title":{"rendered":"Avant\/Apr\u00e8s"},"content":{"rendered":"\t\t<div data-elementor-type=\"wp-page\" data-elementor-id=\"4107\" class=\"elementor elementor-4107\">\n\t\t\t\t\t\t<section class=\"elementor-section elementor-top-section elementor-element elementor-element-c82a3ee elementor-section-height-min-height elementor-section-items-top elementor-section-content-top elementor-section-boxed elementor-section-height-default wpr-parallax-no wpr-sticky-section-no\" data-id=\"c82a3ee\" data-element_type=\"section\" data-settings=\"{&quot;background_background&quot;:&quot;classic&quot;}\">\n\t\t\t\t\t\t<div class=\"elementor-container elementor-column-gap-default\">\n\t\t\t\t\t<div class=\"elementor-column elementor-col-100 elementor-top-column elementor-element elementor-element-8ef3fd2\" data-id=\"8ef3fd2\" data-element_type=\"column\">\n\t\t\t<div class=\"elementor-widget-wrap elementor-element-populated\">\n\t\t\t\t\t\t<div class=\"elementor-element elementor-element-35e7cc2 elementor-widget elementor-widget-heading\" data-id=\"35e7cc2\" data-element_type=\"widget\" data-widget_type=\"heading.default\">\n\t\t\t\t<div class=\"elementor-widget-container\">\n\t\t\t\t\t<h1 class=\"elementor-heading-title elementor-size-default\">R\u00e9novation int\u00e9rieure avant\/apr\u00e8s<\/h1>\t\t\t\t<\/div>\n\t\t\t\t<\/div>\n\t\t\t\t<div class=\"elementor-element elementor-element-1b0ef9b elementor-widget__width-initial elementor-widget elementor-widget-text-editor\" data-id=\"1b0ef9b\" data-element_type=\"widget\" data-widget_type=\"text-editor.default\">\n\t\t\t\t<div class=\"elementor-widget-container\">\n\t\t\t\t\t\t\t\t\t<p>\u00c0 travers ces projets avant\/apr\u00e8s, la r\u00e9novation int\u00e9rieure r\u00e9v\u00e8le le potentiel de chaque espace.<\/p><p>Volumes, lumi\u00e8re et am\u00e9nagement sont repens\u00e9s pour cr\u00e9er des int\u00e9rieurs sur mesure.<\/p>\t\t\t\t\t\t\t\t<\/div>\n\t\t\t\t<\/div>\n\t\t\t\t\t<\/div>\n\t\t<\/div>\n\t\t\t\t\t<\/div>\n\t\t<\/section>\n\t\t\t\t<section class=\"elementor-section elementor-top-section elementor-element elementor-element-71b208d elementor-section-height-min-height elementor-section-items-top elementor-section-content-top elementor-section-stretched elementor-section-boxed elementor-section-height-default wpr-particle-no wpr-jarallax-no wpr-parallax-no wpr-sticky-section-no\" data-id=\"71b208d\" data-element_type=\"section\" data-settings=\"{&quot;background_background&quot;:&quot;classic&quot;,&quot;stretch_section&quot;:&quot;section-stretched&quot;}\">\n\t\t\t\t\t\t\t<div class=\"elementor-background-overlay\"><\/div>\n\t\t\t\t\t\t\t<div class=\"elementor-container elementor-column-gap-no\">\n\t\t\t\t\t<div class=\"elementor-column elementor-col-100 elementor-top-column elementor-element elementor-element-1a79cae\" data-id=\"1a79cae\" data-element_type=\"column\">\n\t\t\t<div class=\"elementor-widget-wrap elementor-element-populated\">\n\t\t\t\t\t\t<div class=\"elementor-element elementor-element-1095ad6 elementor-widget__width-initial elementor-widget elementor-widget-text-editor\" data-id=\"1095ad6\" data-element_type=\"widget\" data-widget_type=\"text-editor.default\">\n\t\t\t\t<div class=\"elementor-widget-container\">\n\t\t\t\t\t\t\t\t\t<p>Le Mas Plus\u00a0Haut<\/p>\t\t\t\t\t\t\t\t<\/div>\n\t\t\t\t<\/div>\n\t\t\t\t<div class=\"elementor-element elementor-element-805798c elementor-align-center elementor-widget elementor-widget-button\" data-id=\"805798c\" data-element_type=\"widget\" data-widget_type=\"button.default\">\n\t\t\t\t<div class=\"elementor-widget-container\">\n\t\t\t\t\t\t\t\t\t<div class=\"elementor-button-wrapper\">\n\t\t\t\t\t<a class=\"elementor-button elementor-button-link elementor-size-sm\" href=\"https:\/\/frederiquerobidet.com\/index.php\/le-mas-plus-haut\/\">\n\t\t\t\t\t\t<span class=\"elementor-button-content-wrapper\">\n\t\t\t\t\t\t\t\t\t<span class=\"elementor-button-text\">VOIR LA PAGE PROJET<\/span>\n\t\t\t\t\t<\/span>\n\t\t\t\t\t<\/a>\n\t\t\t\t<\/div>\n\t\t\t\t\t\t\t\t<\/div>\n\t\t\t\t<\/div>\n\t\t\t\t\t<\/div>\n\t\t<\/div>\n\t\t\t\t\t<\/div>\n\t\t<\/section>\n\t\t<div class=\"elementor-element elementor-element-1fa28ae e-con-full e-flex wpr-particle-no wpr-jarallax-no wpr-parallax-no wpr-sticky-section-no e-con e-parent\" data-id=\"1fa28ae\" data-element_type=\"container\">\n\t\t\t\t<div class=\"elementor-element elementor-element-3d8349f elementor-arrows-position-outside elementor-widget-mobile__width-initial elementor-pagination-position-outside elementor-widget elementor-widget-image-carousel\" data-id=\"3d8349f\" data-element_type=\"widget\" data-settings=\"{&quot;slides_to_show&quot;:&quot;1&quot;,&quot;autoplay&quot;:&quot;no&quot;,&quot;navigation&quot;:&quot;both&quot;,&quot;infinite&quot;:&quot;yes&quot;,&quot;effect&quot;:&quot;slide&quot;,&quot;speed&quot;:500}\" data-widget_type=\"image-carousel.default\">\n\t\t\t\t<div class=\"elementor-widget-container\">\n\t\t\t\t\t\t\t<div class=\"elementor-image-carousel-wrapper swiper\" role=\"region\" aria-roledescription=\"carousel\" aria-label=\"Carrousel d\u2019images\" dir=\"ltr\">\n\t\t\t<div class=\"elementor-image-carousel swiper-wrapper\" aria-live=\"polite\">\n\t\t\t\t\t\t\t\t<div class=\"swiper-slide\" role=\"group\" aria-roledescription=\"slide\" aria-label=\"1 of 8\"><figure class=\"swiper-slide-inner\"><img decoding=\"async\" class=\"swiper-slide-image\" src=\"https:\/\/frederiquerobidet.com\/wp-content\/uploads\/2025\/01\/avant-apres-cuisine-01b.webp\" alt=\"avant-apres cuisine 01b\" \/><\/figure><\/div><div class=\"swiper-slide\" role=\"group\" aria-roledescription=\"slide\" aria-label=\"2 of 8\"><figure class=\"swiper-slide-inner\"><img decoding=\"async\" class=\"swiper-slide-image\" src=\"https:\/\/frederiquerobidet.com\/wp-content\/uploads\/2025\/01\/avant-apres-cuisine-02b.webp\" alt=\"avant-apres cuisine 02b\" \/><\/figure><\/div><div class=\"swiper-slide\" role=\"group\" aria-roledescription=\"slide\" aria-label=\"3 of 8\"><figure class=\"swiper-slide-inner\"><img decoding=\"async\" class=\"swiper-slide-image\" src=\"https:\/\/frederiquerobidet.com\/wp-content\/uploads\/2025\/01\/avant-apres-salon-b.webp\" alt=\"avant-apres salon b\" \/><\/figure><\/div><div class=\"swiper-slide\" role=\"group\" aria-roledescription=\"slide\" aria-label=\"4 of 8\"><figure class=\"swiper-slide-inner\"><img decoding=\"async\" class=\"swiper-slide-image\" src=\"https:\/\/frederiquerobidet.com\/wp-content\/uploads\/2025\/01\/avant-apres-couloir-salon-b.webp\" alt=\"avant-apres couloir-salon-b\" \/><\/figure><\/div><div class=\"swiper-slide\" role=\"group\" aria-roledescription=\"slide\" aria-label=\"5 of 8\"><figure class=\"swiper-slide-inner\"><img decoding=\"async\" class=\"swiper-slide-image\" src=\"https:\/\/frederiquerobidet.com\/wp-content\/uploads\/2025\/01\/avant-apres-escalier-03.webp\" alt=\"avant-apres escalier 03\" \/><\/figure><\/div><div class=\"swiper-slide\" role=\"group\" aria-roledescription=\"slide\" aria-label=\"6 of 8\"><figure class=\"swiper-slide-inner\"><img decoding=\"async\" class=\"swiper-slide-image\" src=\"https:\/\/frederiquerobidet.com\/wp-content\/uploads\/2025\/01\/Chambre-sous-comble-blanche-beige-rangements-sur-mesure-avant-apres-b.jpg\" alt=\"Chambre-sous-comble-blanche-beige-rangements-sur-mesure-avant-apres b\" \/><\/figure><\/div><div class=\"swiper-slide\" role=\"group\" aria-roledescription=\"slide\" aria-label=\"7 of 8\"><figure class=\"swiper-slide-inner\"><img decoding=\"async\" class=\"swiper-slide-image\" src=\"https:\/\/frederiquerobidet.com\/wp-content\/uploads\/2025\/01\/avant-apres-meli-2.webp\" alt=\"avant-apres meli 2\" \/><\/figure><\/div><div class=\"swiper-slide\" role=\"group\" aria-roledescription=\"slide\" aria-label=\"8 of 8\"><figure class=\"swiper-slide-inner\"><img decoding=\"async\" class=\"swiper-slide-image\" src=\"https:\/\/frederiquerobidet.com\/wp-content\/uploads\/2024\/06\/avant-apres-master.webp\" alt=\"avant-apres master\" \/><\/figure><\/div>\t\t\t<\/div>\n\t\t\t\t\t\t\t\t\t\t\t\t<div class=\"elementor-swiper-button elementor-swiper-button-prev\" role=\"button\" tabindex=\"0\">\n\t\t\t\t\t\t<i aria-hidden=\"true\" class=\"fas fa-chevron-left\"><\/i>\t\t\t\t\t<\/div>\n\t\t\t\t\t<div class=\"elementor-swiper-button elementor-swiper-button-next\" role=\"button\" tabindex=\"0\">\n\t\t\t\t\t\t<i aria-hidden=\"true\" class=\"fas fa-chevron-right\"><\/i>\t\t\t\t\t<\/div>\n\t\t\t\t\n\t\t\t\t\t\t\t\t\t<div class=\"swiper-pagination\"><\/div>\n\t\t\t\t\t\t\t\t\t<\/div>\n\t\t\t\t\t\t<\/div>\n\t\t\t\t<\/div>\n\t\t\t\t<\/div>\n\t\t\t\t<section class=\"elementor-section elementor-top-section elementor-element elementor-element-fc2ddcc elementor-section-height-min-height elementor-section-items-top elementor-section-content-top elementor-section-stretched elementor-section-boxed elementor-section-height-default wpr-particle-no wpr-jarallax-no wpr-parallax-no wpr-sticky-section-no\" data-id=\"fc2ddcc\" data-element_type=\"section\" data-settings=\"{&quot;background_background&quot;:&quot;classic&quot;,&quot;stretch_section&quot;:&quot;section-stretched&quot;}\">\n\t\t\t\t\t\t\t<div class=\"elementor-background-overlay\"><\/div>\n\t\t\t\t\t\t\t<div class=\"elementor-container elementor-column-gap-no\">\n\t\t\t\t\t<div class=\"elementor-column elementor-col-100 elementor-top-column elementor-element elementor-element-6536949\" data-id=\"6536949\" data-element_type=\"column\">\n\t\t\t<div class=\"elementor-widget-wrap elementor-element-populated\">\n\t\t\t\t\t\t<div class=\"elementor-element elementor-element-d1ef30b elementor-widget__width-initial elementor-widget elementor-widget-text-editor\" data-id=\"d1ef30b\" data-element_type=\"widget\" data-widget_type=\"text-editor.default\">\n\t\t\t\t<div class=\"elementor-widget-container\">\n\t\t\t\t\t\t\t\t\tLe Rocher\t\t\t\t\t\t\t\t<\/div>\n\t\t\t\t<\/div>\n\t\t\t\t<div class=\"elementor-element elementor-element-b7d2a94 elementor-align-center elementor-widget elementor-widget-button\" data-id=\"b7d2a94\" data-element_type=\"widget\" data-widget_type=\"button.default\">\n\t\t\t\t<div class=\"elementor-widget-container\">\n\t\t\t\t\t\t\t\t\t<div class=\"elementor-button-wrapper\">\n\t\t\t\t\t<a class=\"elementor-button elementor-button-link elementor-size-sm\" href=\"https:\/\/frederiquerobidet.com\/index.php\/le-rocher\/\">\n\t\t\t\t\t\t<span class=\"elementor-button-content-wrapper\">\n\t\t\t\t\t\t\t\t\t<span class=\"elementor-button-text\">VOIR LA PAGE PROJET<\/span>\n\t\t\t\t\t<\/span>\n\t\t\t\t\t<\/a>\n\t\t\t\t<\/div>\n\t\t\t\t\t\t\t\t<\/div>\n\t\t\t\t<\/div>\n\t\t\t\t\t<\/div>\n\t\t<\/div>\n\t\t\t\t\t<\/div>\n\t\t<\/section>\n\t\t<div class=\"elementor-element elementor-element-ae75107 e-con-full e-flex wpr-particle-no wpr-jarallax-no wpr-parallax-no wpr-sticky-section-no e-con e-parent\" data-id=\"ae75107\" data-element_type=\"container\">\n\t\t\t\t<div class=\"elementor-element elementor-element-adc6c28 elementor-arrows-position-outside elementor-widget-mobile__width-initial elementor-pagination-position-outside elementor-widget elementor-widget-image-carousel\" data-id=\"adc6c28\" data-element_type=\"widget\" data-settings=\"{&quot;slides_to_show&quot;:&quot;1&quot;,&quot;autoplay&quot;:&quot;no&quot;,&quot;navigation&quot;:&quot;both&quot;,&quot;infinite&quot;:&quot;yes&quot;,&quot;effect&quot;:&quot;slide&quot;,&quot;speed&quot;:500}\" data-widget_type=\"image-carousel.default\">\n\t\t\t\t<div class=\"elementor-widget-container\">\n\t\t\t\t\t\t\t<div class=\"elementor-image-carousel-wrapper swiper\" role=\"region\" aria-roledescription=\"carousel\" aria-label=\"Carrousel d\u2019images\" dir=\"ltr\">\n\t\t\t<div class=\"elementor-image-carousel swiper-wrapper\" aria-live=\"polite\">\n\t\t\t\t\t\t\t\t<div class=\"swiper-slide\" role=\"group\" aria-roledescription=\"slide\" aria-label=\"1 of 2\"><figure class=\"swiper-slide-inner\"><img decoding=\"async\" class=\"swiper-slide-image\" src=\"https:\/\/frederiquerobidet.com\/wp-content\/uploads\/2025\/02\/avant-apres-LeRocher-SDE-senior-02.webp\" alt=\"avant-apres-LeRocher-SDE-senior-02\" \/><\/figure><\/div><div class=\"swiper-slide\" role=\"group\" aria-roledescription=\"slide\" aria-label=\"2 of 2\"><figure class=\"swiper-slide-inner\"><img decoding=\"async\" class=\"swiper-slide-image\" src=\"https:\/\/frederiquerobidet.com\/wp-content\/uploads\/2025\/02\/avant-apres-LeRocher-SDE-senior-01.webp\" alt=\"avant-apres-LeRocher-SDE-senior-01\" \/><\/figure><\/div>\t\t\t<\/div>\n\t\t\t\t\t\t\t\t\t\t\t\t<div class=\"elementor-swiper-button elementor-swiper-button-prev\" role=\"button\" tabindex=\"0\">\n\t\t\t\t\t\t<i aria-hidden=\"true\" class=\"fas fa-chevron-left\"><\/i>\t\t\t\t\t<\/div>\n\t\t\t\t\t<div class=\"elementor-swiper-button elementor-swiper-button-next\" role=\"button\" tabindex=\"0\">\n\t\t\t\t\t\t<i aria-hidden=\"true\" class=\"fas fa-chevron-right\"><\/i>\t\t\t\t\t<\/div>\n\t\t\t\t\n\t\t\t\t\t\t\t\t\t<div class=\"swiper-pagination\"><\/div>\n\t\t\t\t\t\t\t\t\t<\/div>\n\t\t\t\t\t\t<\/div>\n\t\t\t\t<\/div>\n\t\t\t\t<\/div>\n\t\t\t\t<\/div>\n\t\t","protected":false},"excerpt":{"rendered":"<p>R\u00e9novation int\u00e9rieure avant\/apr\u00e8s \u00c0 travers ces projets avant\/apr\u00e8s, la r\u00e9novation int\u00e9rieure r\u00e9v\u00e8le le potentiel de chaque espace. Volumes, lumi\u00e8re et am\u00e9nagement sont repens\u00e9s pour cr\u00e9er des int\u00e9rieurs sur mesure. Le Mas Plus\u00a0Haut VOIR LA PAGE PROJET Le Rocher VOIR LA PAGE PROJET<\/p>\n","protected":false},"author":1,"featured_media":0,"parent":0,"menu_order":0,"comment_status":"closed","ping_status":"closed","template":"","meta":{"ocean_post_layout":"","ocean_both_sidebars_style":"","ocean_both_sidebars_content_width":0,"ocean_both_sidebars_sidebars_width":0,"ocean_sidebar":"0","ocean_second_sidebar":"0","ocean_disable_margins":"enable","ocean_add_body_class":"","ocean_shortcode_before_top_bar":"","ocean_shortcode_after_top_bar":"","ocean_shortcode_before_header":"","ocean_shortcode_after_header":"","ocean_has_shortcode":"","ocean_shortcode_after_title":"","ocean_shortcode_before_footer_widgets":"","ocean_shortcode_after_footer_widgets":"","ocean_shortcode_before_footer_bottom":"","ocean_shortcode_after_footer_bottom":"","ocean_display_top_bar":"default","ocean_display_header":"default","ocean_header_style":"","ocean_center_header_left_menu":"0","ocean_custom_header_template":"0","ocean_custom_logo":0,"ocean_custom_retina_logo":0,"ocean_custom_logo_max_width":0,"ocean_custom_logo_tablet_max_width":0,"ocean_custom_logo_mobile_max_width":0,"ocean_custom_logo_max_height":0,"ocean_custom_logo_tablet_max_height":0,"ocean_custom_logo_mobile_max_height":0,"ocean_header_custom_menu":"0","ocean_menu_typo_font_family":"0","ocean_menu_typo_font_subset":"","ocean_menu_typo_font_size":0,"ocean_menu_typo_font_size_tablet":0,"ocean_menu_typo_font_size_mobile":0,"ocean_menu_typo_font_size_unit":"px","ocean_menu_typo_font_weight":"","ocean_menu_typo_font_weight_tablet":"","ocean_menu_typo_font_weight_mobile":"","ocean_menu_typo_transform":"","ocean_menu_typo_transform_tablet":"","ocean_menu_typo_transform_mobile":"","ocean_menu_typo_line_height":0,"ocean_menu_typo_line_height_tablet":0,"ocean_menu_typo_line_height_mobile":0,"ocean_menu_typo_line_height_unit":"","ocean_menu_typo_spacing":0,"ocean_menu_typo_spacing_tablet":0,"ocean_menu_typo_spacing_mobile":0,"ocean_menu_typo_spacing_unit":"","ocean_menu_link_color":"","ocean_menu_link_color_hover":"","ocean_menu_link_color_active":"","ocean_menu_link_background":"","ocean_menu_link_hover_background":"","ocean_menu_link_active_background":"","ocean_menu_social_links_bg":"","ocean_menu_social_hover_links_bg":"","ocean_menu_social_links_color":"","ocean_menu_social_hover_links_color":"","ocean_disable_title":"on","ocean_disable_heading":"default","ocean_post_title":"","ocean_post_subheading":"","ocean_post_title_style":"","ocean_post_title_background_color":"","ocean_post_title_background":0,"ocean_post_title_bg_image_position":"","ocean_post_title_bg_image_attachment":"","ocean_post_title_bg_image_repeat":"","ocean_post_title_bg_image_size":"","ocean_post_title_height":0,"ocean_post_title_bg_overlay":0.5,"ocean_post_title_bg_overlay_color":"","ocean_disable_breadcrumbs":"default","ocean_breadcrumbs_color":"","ocean_breadcrumbs_separator_color":"","ocean_breadcrumbs_links_color":"","ocean_breadcrumbs_links_hover_color":"","ocean_display_footer_widgets":"default","ocean_display_footer_bottom":"default","ocean_custom_footer_template":"0","two_page_speed":[],"footnotes":""},"class_list":["post-4107","page","type-page","status-publish","hentry","entry"],"yoast_head":"<!-- This site is optimized with the Yoast SEO plugin v26.7 - https:\/\/yoast.com\/wordpress\/plugins\/seo\/ -->\n<title>Avant\/Apr\u00e8s - frederiquerobidet.com<\/title>\n<meta name=\"robots\" content=\"index, follow, max-snippet:-1, max-image-preview:large, max-video-preview:-1\" \/>\n<link rel=\"canonical\" href=\"https:\/\/frederiquerobidet.com\/index.php\/avant-apres\/\" \/>\n<meta property=\"og:locale\" content=\"fr_CA\" \/>\n<meta property=\"og:type\" content=\"article\" \/>\n<meta property=\"og:title\" content=\"Avant\/Apr\u00e8s - frederiquerobidet.com\" \/>\n<meta property=\"og:description\" content=\"R\u00e9novation int\u00e9rieure avant\/apr\u00e8s \u00c0 travers ces projets avant\/apr\u00e8s, la r\u00e9novation int\u00e9rieure r\u00e9v\u00e8le le potentiel de chaque espace. Volumes, lumi\u00e8re et am\u00e9nagement sont repens\u00e9s pour cr\u00e9er des int\u00e9rieurs sur mesure. Le Mas Plus\u00a0Haut VOIR LA PAGE PROJET Le Rocher VOIR LA PAGE PROJET\" \/>\n<meta property=\"og:url\" content=\"https:\/\/frederiquerobidet.com\/index.php\/avant-apres\/\" \/>\n<meta property=\"og:site_name\" content=\"frederiquerobidet.com\" \/>\n<meta property=\"article:modified_time\" content=\"2026-01-10T17:42:35+00:00\" \/>\n<meta property=\"og:image\" content=\"http:\/\/frederiquerobidet.com\/wp-content\/uploads\/2025\/01\/avant-apres-cuisine-01b.webp\" \/>\n<meta name=\"twitter:card\" content=\"summary_large_image\" \/>\n<meta name=\"twitter:label1\" content=\"Estimation du temps de lecture\" \/>\n\t<meta name=\"twitter:data1\" content=\"3 minutes\" \/>\n<script type=\"application\/ld+json\" class=\"yoast-schema-graph\">{\"@context\":\"https:\/\/schema.org\",\"@graph\":[{\"@type\":\"WebPage\",\"@id\":\"https:\/\/frederiquerobidet.com\/index.php\/avant-apres\/\",\"url\":\"https:\/\/frederiquerobidet.com\/index.php\/avant-apres\/\",\"name\":\"Avant\/Apr\u00e8s - frederiquerobidet.com\",\"isPartOf\":{\"@id\":\"https:\/\/frederiquerobidet.com\/#website\"},\"primaryImageOfPage\":{\"@id\":\"https:\/\/frederiquerobidet.com\/index.php\/avant-apres\/#primaryimage\"},\"image\":{\"@id\":\"https:\/\/frederiquerobidet.com\/index.php\/avant-apres\/#primaryimage\"},\"thumbnailUrl\":\"http:\/\/frederiquerobidet.com\/wp-content\/uploads\/2025\/01\/avant-apres-cuisine-01b.webp\",\"datePublished\":\"2024-01-04T15:15:50+00:00\",\"dateModified\":\"2026-01-10T17:42:35+00:00\",\"breadcrumb\":{\"@id\":\"https:\/\/frederiquerobidet.com\/index.php\/avant-apres\/#breadcrumb\"},\"inLanguage\":\"fr-CA\",\"potentialAction\":[{\"@type\":\"ReadAction\",\"target\":[\"https:\/\/frederiquerobidet.com\/index.php\/avant-apres\/\"]}]},{\"@type\":\"ImageObject\",\"inLanguage\":\"fr-CA\",\"@id\":\"https:\/\/frederiquerobidet.com\/index.php\/avant-apres\/#primaryimage\",\"url\":\"https:\/\/frederiquerobidet.com\/wp-content\/uploads\/2025\/01\/avant-apres-cuisine-01b.webp\",\"contentUrl\":\"https:\/\/frederiquerobidet.com\/wp-content\/uploads\/2025\/01\/avant-apres-cuisine-01b.webp\",\"width\":1100,\"height\":530},{\"@type\":\"BreadcrumbList\",\"@id\":\"https:\/\/frederiquerobidet.com\/index.php\/avant-apres\/#breadcrumb\",\"itemListElement\":[{\"@type\":\"ListItem\",\"position\":1,\"name\":\"Accueil\",\"item\":\"https:\/\/frederiquerobidet.com\/\"},{\"@type\":\"ListItem\",\"position\":2,\"name\":\"Avant\/Apr\u00e8s\"}]},{\"@type\":\"WebSite\",\"@id\":\"https:\/\/frederiquerobidet.com\/#website\",\"url\":\"https:\/\/frederiquerobidet.com\/\",\"name\":\"frederiquerobidet.com\",\"description\":\"\",\"publisher\":{\"@id\":\"https:\/\/frederiquerobidet.com\/#organization\"},\"potentialAction\":[{\"@type\":\"SearchAction\",\"target\":{\"@type\":\"EntryPoint\",\"urlTemplate\":\"https:\/\/frederiquerobidet.com\/?s={search_term_string}\"},\"query-input\":{\"@type\":\"PropertyValueSpecification\",\"valueRequired\":true,\"valueName\":\"search_term_string\"}}],\"inLanguage\":\"fr-CA\"},{\"@type\":\"Organization\",\"@id\":\"https:\/\/frederiquerobidet.com\/#organization\",\"name\":\"Fr\u00e9d\u00e9rique Robidet Architecture d'Int\u00e9rieur\",\"url\":\"https:\/\/frederiquerobidet.com\/\",\"logo\":{\"@type\":\"ImageObject\",\"inLanguage\":\"fr-CA\",\"@id\":\"https:\/\/frederiquerobidet.com\/#\/schema\/logo\/image\/\",\"url\":\"https:\/\/frederiquerobidet.com\/wp-content\/uploads\/2023\/06\/Logo_FR_fond-noir-14-1.png\",\"contentUrl\":\"https:\/\/frederiquerobidet.com\/wp-content\/uploads\/2023\/06\/Logo_FR_fond-noir-14-1.png\",\"width\":556,\"height\":119,\"caption\":\"Fr\u00e9d\u00e9rique Robidet Architecture d'Int\u00e9rieur\"},\"image\":{\"@id\":\"https:\/\/frederiquerobidet.com\/#\/schema\/logo\/image\/\"}}]}<\/script>\n<!-- \/ Yoast SEO plugin. -->","yoast_head_json":{"title":"Avant\/Apr\u00e8s - frederiquerobidet.com","robots":{"index":"index","follow":"follow","max-snippet":"max-snippet:-1","max-image-preview":"max-image-preview:large","max-video-preview":"max-video-preview:-1"},"canonical":"https:\/\/frederiquerobidet.com\/index.php\/avant-apres\/","og_locale":"fr_CA","og_type":"article","og_title":"Avant\/Apr\u00e8s - frederiquerobidet.com","og_description":"R\u00e9novation int\u00e9rieure avant\/apr\u00e8s \u00c0 travers ces projets avant\/apr\u00e8s, la r\u00e9novation int\u00e9rieure r\u00e9v\u00e8le le potentiel de chaque espace. Volumes, lumi\u00e8re et am\u00e9nagement sont repens\u00e9s pour cr\u00e9er des int\u00e9rieurs sur mesure. Le Mas Plus\u00a0Haut VOIR LA PAGE PROJET Le Rocher VOIR LA PAGE PROJET","og_url":"https:\/\/frederiquerobidet.com\/index.php\/avant-apres\/","og_site_name":"frederiquerobidet.com","article_modified_time":"2026-01-10T17:42:35+00:00","og_image":[{"url":"http:\/\/frederiquerobidet.com\/wp-content\/uploads\/2025\/01\/avant-apres-cuisine-01b.webp","type":"","width":"","height":""}],"twitter_card":"summary_large_image","twitter_misc":{"Estimation du temps de lecture":"3 minutes"},"schema":{"@context":"https:\/\/schema.org","@graph":[{"@type":"WebPage","@id":"https:\/\/frederiquerobidet.com\/index.php\/avant-apres\/","url":"https:\/\/frederiquerobidet.com\/index.php\/avant-apres\/","name":"Avant\/Apr\u00e8s - frederiquerobidet.com","isPartOf":{"@id":"https:\/\/frederiquerobidet.com\/#website"},"primaryImageOfPage":{"@id":"https:\/\/frederiquerobidet.com\/index.php\/avant-apres\/#primaryimage"},"image":{"@id":"https:\/\/frederiquerobidet.com\/index.php\/avant-apres\/#primaryimage"},"thumbnailUrl":"http:\/\/frederiquerobidet.com\/wp-content\/uploads\/2025\/01\/avant-apres-cuisine-01b.webp","datePublished":"2024-01-04T15:15:50+00:00","dateModified":"2026-01-10T17:42:35+00:00","breadcrumb":{"@id":"https:\/\/frederiquerobidet.com\/index.php\/avant-apres\/#breadcrumb"},"inLanguage":"fr-CA","potentialAction":[{"@type":"ReadAction","target":["https:\/\/frederiquerobidet.com\/index.php\/avant-apres\/"]}]},{"@type":"ImageObject","inLanguage":"fr-CA","@id":"https:\/\/frederiquerobidet.com\/index.php\/avant-apres\/#primaryimage","url":"https:\/\/frederiquerobidet.com\/wp-content\/uploads\/2025\/01\/avant-apres-cuisine-01b.webp","contentUrl":"https:\/\/frederiquerobidet.com\/wp-content\/uploads\/2025\/01\/avant-apres-cuisine-01b.webp","width":1100,"height":530},{"@type":"BreadcrumbList","@id":"https:\/\/frederiquerobidet.com\/index.php\/avant-apres\/#breadcrumb","itemListElement":[{"@type":"ListItem","position":1,"name":"Accueil","item":"https:\/\/frederiquerobidet.com\/"},{"@type":"ListItem","position":2,"name":"Avant\/Apr\u00e8s"}]},{"@type":"WebSite","@id":"https:\/\/frederiquerobidet.com\/#website","url":"https:\/\/frederiquerobidet.com\/","name":"frederiquerobidet.com","description":"","publisher":{"@id":"https:\/\/frederiquerobidet.com\/#organization"},"potentialAction":[{"@type":"SearchAction","target":{"@type":"EntryPoint","urlTemplate":"https:\/\/frederiquerobidet.com\/?s={search_term_string}"},"query-input":{"@type":"PropertyValueSpecification","valueRequired":true,"valueName":"search_term_string"}}],"inLanguage":"fr-CA"},{"@type":"Organization","@id":"https:\/\/frederiquerobidet.com\/#organization","name":"Fr\u00e9d\u00e9rique Robidet Architecture d'Int\u00e9rieur","url":"https:\/\/frederiquerobidet.com\/","logo":{"@type":"ImageObject","inLanguage":"fr-CA","@id":"https:\/\/frederiquerobidet.com\/#\/schema\/logo\/image\/","url":"https:\/\/frederiquerobidet.com\/wp-content\/uploads\/2023\/06\/Logo_FR_fond-noir-14-1.png","contentUrl":"https:\/\/frederiquerobidet.com\/wp-content\/uploads\/2023\/06\/Logo_FR_fond-noir-14-1.png","width":556,"height":119,"caption":"Fr\u00e9d\u00e9rique Robidet Architecture d'Int\u00e9rieur"},"image":{"@id":"https:\/\/frederiquerobidet.com\/#\/schema\/logo\/image\/"}}]}},"_links":{"self":[{"href":"https:\/\/frederiquerobidet.com\/index.php\/wp-json\/wp\/v2\/pages\/4107","targetHints":{"allow":["GET"]}}],"collection":[{"href":"https:\/\/frederiquerobidet.com\/index.php\/wp-json\/wp\/v2\/pages"}],"about":[{"href":"https:\/\/frederiquerobidet.com\/index.php\/wp-json\/wp\/v2\/types\/page"}],"author":[{"embeddable":true,"href":"https:\/\/frederiquerobidet.com\/index.php\/wp-json\/wp\/v2\/users\/1"}],"replies":[{"embeddable":true,"href":"https:\/\/frederiquerobidet.com\/index.php\/wp-json\/wp\/v2\/comments?post=4107"}],"version-history":[{"count":263,"href":"https:\/\/frederiquerobidet.com\/index.php\/wp-json\/wp\/v2\/pages\/4107\/revisions"}],"predecessor-version":[{"id":8010,"href":"https:\/\/frederiquerobidet.com\/index.php\/wp-json\/wp\/v2\/pages\/4107\/revisions\/8010"}],"wp:attachment":[{"href":"https:\/\/frederiquerobidet.com\/index.php\/wp-json\/wp\/v2\/media?parent=4107"}],"curies":[{"name":"wp","href":"https:\/\/api.w.org\/{rel}","templated":true}]}}